{"id":2,"date":"2017-08-23T18:09:10","date_gmt":"2017-08-23T21:09:10","guid":{"rendered":"http:\/\/leonelbelotti.com.ar\/trabajos\/?page_id=2"},"modified":"2020-01-22T15:16:14","modified_gmt":"2020-01-22T18:16:14","slug":"pagina-ejemplo","status":"publish","type":"page","link":"https:\/\/leonelbelotti.com.ar\/trabajos\/pagina-ejemplo\/","title":{"rendered":"Bio"},"content":{"rendered":"<h2 class=\"p1\"><strong><span class=\"s1\">Curriculum vitae<\/span><\/strong><\/h2>\n<p>&nbsp;<\/p>\n<p>&nbsp;<\/p>\n<p class=\"p1\"><span class=\"s1\"><img decoding=\"async\" loading=\"lazy\" class=\"alignnone wp-image-152\" src=\"http:\/\/leonelbelotti.com.ar\/trabajos\/wp-content\/uploads\/2017\/08\/388694_2804165303805_1416362052_n-300x265.jpg\" alt=\"\" width=\"179\" height=\"158\" srcset=\"https:\/\/leonelbelotti.com.ar\/trabajos\/wp-content\/uploads\/2017\/08\/388694_2804165303805_1416362052_n-300x265.jpg 300w, https:\/\/leonelbelotti.com.ar\/trabajos\/wp-content\/uploads\/2017\/08\/388694_2804165303805_1416362052_n.jpg 686w\" sizes=\"(max-width: 179px) 100vw, 179px\" \/><\/span><\/p>\n<p>&nbsp;<\/p>\n<p class=\"p1\"><span class=\"s1\">2018-2005<\/span><span class=\"s2\"> Estudio de retoque digital Leonel Belotti&nbsp;dedicado al retoque publicitario para agencias de publicidad como Grey Argentina, Ogilvy, Young &amp; Rubicam, Mix Comunicaciones, DDB Argentina, Kepel y Mata<span class=\"Apple-converted-space\">&nbsp; <\/span>entre otros; para marcas como Coca Cola regional, Disney regional, Epson, Procter &amp; Gumble, Danone, Prosegur, Clorox, etc.<\/span><\/p>\n<p class=\"p1\"><span class=\"s1\">2005-2002<\/span><span class=\"s2\"> Coordinaci\u00f3n de producci\u00f3n gr\u00e1fica y Retoque digital en Agencia Leo Burnett Argentina, para ZoomDD.<\/span><\/p>\n<p class=\"p1\"><span class=\"s1\">2002-1999<\/span><span class=\"s2\"> Armado y conducci\u00f3n del sector digital de Buenos Aires Color, laboratorio profesional. <\/span><\/p>\n<p class=\"p2\"><span class=\"s1\">2001-1995<\/span><span class=\"s2\"> Preimpresi\u00f3n Digital en Erco srl. Fotocrom\u00eda.<\/span><\/p>\n<p class=\"p2\"><span class=\"s1\">1995-1993<\/span><span class=\"s2\"> Preimpresi\u00f3n Didital en Offset Sud. Fotocrom\u00eda.<\/span><\/p>\n<p class=\"p2\"><span class=\"s1\">1993-1992 <\/span><span class=\"s2\">Desktop Publishing en Image Land<\/span><\/p>\n<p class=\"p2\"><span class=\"s1\">1992-1991<\/span><span class=\"s2\"> Desktop Publishing en Gu\u00eda Educativa Argentina<\/span><\/p>\n<p class=\"p2\"><span class=\"s1\">1991-1990<\/span><span class=\"s2\"> Desktop Publishing en Gu\u00eda Producci\u00f3n y Consumo<\/span><\/p>\n<p class=\"p2\"><span class=\"s1\">1990-1987<\/span><span class=\"s2\"> Imprenta propia Belgaf Impresiones.<\/span><\/p>\n<p class=\"p2\"><span class=\"s2\">&#8212;&#8212;&#8212;&#8212;&#8212;&#8212;&#8212;&#8212;&#8212;&#8212;&#8212;&#8212;<\/span><\/p>\n<p class=\"p2\"><span class=\"s2\"><b>Actividad Docente<\/b><\/span><\/p>\n<p class=\"p2\"><span class=\"s1\">2018-2009 <\/span><span class=\"s2\">Docente en Carrera de Fotograf\u00eda en Motivarte, materia procesamiento digital de la imagen (introducci\u00f3n, nivel 1, nivel2, nivel 3 y nivel 4)<\/span><\/p>\n<p>2018-2014 Docente en la carrera de Fot\u00f3graf\u00eda de la Universidad de Palermo en Taller de Fotograf\u00eda 5 (retoque digital)<\/p>\n<p class=\"p2\"><span class=\"s4\">2013-2009<\/span><span class=\"s2\"> Profesor de retoque fotogr\u00e1fico en escuela de Carlos Fadigati.<\/span><\/p>\n<p class=\"p2\"><span class=\"s4\">2018-2008<\/span><span class=\"s2\"> Cursos particulares de retoque fotogr\u00e1fico.<\/span><\/p>\n<p class=\"p2\"><span class=\"s2\">&#8212;&#8212;&#8212;&#8212;&#8212;&#8212;&#8212;&#8212;&#8212;&#8212;&#8212;&#8212;<\/span><\/p>\n<p class=\"p2\"><span class=\"s2\"><b>Estudios Cursados<\/b><\/span><\/p>\n<p class=\"p2\"><span class=\"s2\">Dise\u00f1o de imagen y sonido \u2013 UBA<\/span><\/p>\n<p class=\"p2\"><span class=\"s2\">Lic. en Cs. F\u00edsicas \u2013 UBA<\/span><\/p>\n<p class=\"p2\"><span class=\"s2\">Estudios secundarios en Colegio Nacional de Buenos Aires &#8211; UBA<\/span><\/p>\n","protected":false},"excerpt":{"rendered":"<p>Curriculum vitae &nbsp; &nbsp; &nbsp; 2018-2005 Estudio de retoque digital Leonel Belotti&nbsp;dedicado al retoque publicitario para agencias de publicidad como Grey Argentina, Ogilvy, Young &amp; Rubicam, Mix Comunicaciones, DDB Argentina, Kepel y Mata&nbsp; entre otros; para marcas como Coca Cola regional, Disney regional, Epson, Procter &amp; Gumble, Danone, Prosegur, Clorox, etc. 2005-2002 Coordinaci\u00f3n de producci\u00f3n [&hellip;]<\/p>\n","protected":false},"author":1,"featured_media":152,"parent":0,"menu_order":2,"comment_status":"closed","ping_status":"closed","template":"","meta":{"ngg_post_thumbnail":0},"_links":{"self":[{"href":"https:\/\/leonelbelotti.com.ar\/trabajos\/wp-json\/wp\/v2\/pages\/2"}],"collection":[{"href":"https:\/\/leonelbelotti.com.ar\/trabajos\/wp-json\/wp\/v2\/pages"}],"about":[{"href":"https:\/\/leonelbelotti.com.ar\/trabajos\/wp-json\/wp\/v2\/types\/page"}],"author":[{"embeddable":true,"href":"https:\/\/leonelbelotti.com.ar\/trabajos\/wp-json\/wp\/v2\/users\/1"}],"replies":[{"embeddable":true,"href":"https:\/\/leonelbelotti.com.ar\/trabajos\/wp-json\/wp\/v2\/comments?post=2"}],"version-history":[{"count":8,"href":"https:\/\/leonelbelotti.com.ar\/trabajos\/wp-json\/wp\/v2\/pages\/2\/revisions"}],"predecessor-version":[{"id":347,"href":"https:\/\/leonelbelotti.com.ar\/trabajos\/wp-json\/wp\/v2\/pages\/2\/revisions\/347"}],"wp:featuredmedia":[{"embeddable":true,"href":"https:\/\/leonelbelotti.com.ar\/trabajos\/wp-json\/wp\/v2\/media\/152"}],"wp:attachment":[{"href":"https:\/\/leonelbelotti.com.ar\/trabajos\/wp-json\/wp\/v2\/media?parent=2"}],"curies":[{"name":"wp","href":"https:\/\/api.w.org\/{rel}","templated":true}]}}